{"id":12488,"date":"2024-09-29T16:13:25","date_gmt":"2024-09-29T14:13:25","guid":{"rendered":"https:\/\/oksts.cz\/unternehmen\/ueber-uns\/"},"modified":"2025-04-24T12:44:00","modified_gmt":"2025-04-24T10:44:00","slug":"ueber-uns","status":"publish","type":"page","link":"https:\/\/oksts.cz\/de\/unternehmen\/ueber-uns\/","title":{"rendered":"\u00dcber uns"},"content":{"rendered":"\t\t<div data-elementor-type=\"wp-page\" data-elementor-id=\"12488\" class=\"elementor elementor-12488 elementor-11551\" data-elementor-post-type=\"page\">\n\t\t\t\t\t\t<section class=\"elementor-section elementor-top-section elementor-element elementor-element-c7e7c17 elementor-section-full_width elementor-section-height-default elementor-section-height-default\" data-id=\"c7e7c17\" data-element_type=\"section\">\n\t\t\t\t\t\t<div class=\"elementor-container elementor-column-gap-default\">\n\t\t\t\t\t<div class=\"elementor-column elementor-col-50 elementor-top-column elementor-element elementor-element-25c2aed\" data-id=\"25c2aed\" data-element_type=\"column\">\n\t\t\t<div class=\"elementor-widget-wrap elementor-element-populated\">\n\t\t\t\t\t\t<div class=\"elementor-element elementor-element-59b253e elementor-widget elementor-widget-react-heading\" data-id=\"59b253e\" data-element_type=\"widget\" data-widget_type=\"react-heading.default\">\n\t\t\t\t<div class=\"elementor-widget-container\">\n\t\t\t\t\t\t  \n        <div class=\"react-heading default title-border-no\">\n             \t\t      \t\t\n\t            <span class=\"sub-text\" data-aos-delay=\"200\" data-aos=\"fade-up\" data-aos-duration=\"800\" data-aos-once=\"true\">Ein paar Worte \u00fcber uns<\/span><h2 class=\"title\" data-aos-delay=\"300\" data-aos=\"fade-up\" data-aos-duration=\"800\" data-aos-once=\"true\">Qualit\u00e4t, Kompetenz, Erfahrung, Schnelligkeit, Flexibilit\u00e4t.<\/h2>\t     \n\t\t\t\t        \n\t            \n        <\/div>\n        \t\t\t\t<\/div>\n\t\t\t\t<\/div>\n\t\t\t\t<div class=\"elementor-element elementor-element-747183e elementor-widget elementor-widget-text-editor\" data-id=\"747183e\" data-element_type=\"widget\" data-widget_type=\"text-editor.default\">\n\t\t\t\t<div class=\"elementor-widget-container\">\n\t\t\t\t\t\t\t\t\t<p><strong>OK STS Tou\u017eim, a.s.<\/strong> konzentriert sich auf <strong>die Bereitstellung modernster industrieller L\u00f6sungen<\/strong>, die den vielf\u00e4ltigen Bed\u00fcrfnissen unserer Kunden entsprechen. Seit unserer <strong>Gr\u00fcndung im Jahr 1994<\/strong> haben wir uns durch unseren Fokus auf <strong>Qualit\u00e4t, Innovation und Kundenzufriedenheit zu einem anerkannten Branchenf\u00fchrer entwickelt<\/strong>.<\/p><p>Unser Hauptziel ist es, <strong>umfassende und zuverl\u00e4ssige Technologiel\u00f6sungen anzubieten<\/strong>, die unseren Kunden helfen, <strong>ihre Logistik- und Produktionsprozesse zu optimieren<\/strong>. Wir sind davon \u00fcberzeugt, dass sich unsere Arbeit direkt auf <strong>die Effizienz und den Erfolg<\/strong> unserer Kunden auswirkt. Daher ist es f\u00fcr uns von entscheidender Bedeutung, Dienstleistungen und Produkte von h\u00f6chster Qualit\u00e4t anzubieten.<\/p>\t\t\t\t\t\t\t\t<\/div>\n\t\t\t\t<\/div>\n\t\t\t\t<div class=\"elementor-element elementor-element-2ece893 elementor-widget__width-auto elementor-widget elementor-widget-react-button\" data-id=\"2ece893\" data-element_type=\"widget\" data-widget_type=\"react-button.default\">\n\t\t\t\t<div class=\"elementor-widget-container\">\n\t\t\t\t\t\t\n\t\t\n\t\t<div class=\"react-button primary_btn\">\n\t\t\t\t\t\t<a class=\"react_button\" href=\"https:\/\/oksts.cz\/de\/referenz\/\" >\t\t\t\t\n\t\t\t\n\t\t\t\t\n\t\t\t<span class=\"btn_text\">Unsere Referenzen<\/span>\n\t\t\t\t\t\t\t\t\t<i aria-hidden=\"true\" class=\"rt rt-arrow-right\"><\/i>\t\t\t\t\n\t\t\t\t\t\t\t<\/a>\n\t\t<\/div>    \n\t\t\t\t\t<\/div>\n\t\t\t\t<\/div>\n\t\t\t\t\t<\/div>\n\t\t<\/div>\n\t\t\t\t<div class=\"elementor-column elementor-col-50 elementor-top-column elementor-element elementor-element-53faefb\" data-id=\"53faefb\" data-element_type=\"column\" data-settings=\"{&quot;background_background&quot;:&quot;slideshow&quot;,&quot;background_slideshow_gallery&quot;:[{&quot;id&quot;:11829,&quot;url&quot;:&quot;https:\\\/\\\/oksts.cz\\\/wp-content\\\/uploads\\\/2024\\\/11\\\/3_stridajici.png&quot;},{&quot;id&quot;:11455,&quot;url&quot;:&quot;https:\\\/\\\/oksts.cz\\\/wp-content\\\/uploads\\\/2024\\\/09\\\/IMG_9876.jpg&quot;},{&quot;id&quot;:11453,&quot;url&quot;:&quot;https:\\\/\\\/oksts.cz\\\/wp-content\\\/uploads\\\/2024\\\/09\\\/IMG_9872.jpg&quot;},{&quot;id&quot;:11451,&quot;url&quot;:&quot;https:\\\/\\\/oksts.cz\\\/wp-content\\\/uploads\\\/2024\\\/09\\\/IMG_9870.jpg&quot;},{&quot;id&quot;:11416,&quot;url&quot;:&quot;https:\\\/\\\/oksts.cz\\\/wp-content\\\/uploads\\\/2024\\\/09\\\/IMG_9773.jpg&quot;},{&quot;id&quot;:11402,&quot;url&quot;:&quot;https:\\\/\\\/oksts.cz\\\/wp-content\\\/uploads\\\/2024\\\/09\\\/IMG_9753.jpg&quot;},{&quot;id&quot;:11401,&quot;url&quot;:&quot;https:\\\/\\\/oksts.cz\\\/wp-content\\\/uploads\\\/2024\\\/09\\\/20240826_135829.jpg&quot;},{&quot;id&quot;:11400,&quot;url&quot;:&quot;https:\\\/\\\/oksts.cz\\\/wp-content\\\/uploads\\\/2024\\\/09\\\/20240826_133900.jpg&quot;}],&quot;background_slideshow_loop&quot;:&quot;yes&quot;,&quot;background_slideshow_slide_duration&quot;:5000,&quot;background_slideshow_slide_transition&quot;:&quot;fade&quot;,&quot;background_slideshow_transition_duration&quot;:500}\">\n\t\t\t<div class=\"elementor-widget-wrap elementor-element-populated\">\n\t\t\t\t\t\t<div class=\"elementor-element elementor-element-5394172 elementor-widget elementor-widget-spacer\" data-id=\"5394172\" data-element_type=\"widget\" data-widget_type=\"spacer.default\">\n\t\t\t\t<div class=\"elementor-widget-container\">\n\t\t\t\t\t\t\t<div class=\"elementor-spacer\">\n\t\t\t<div class=\"elementor-spacer-inner\"><\/div>\n\t\t<\/div>\n\t\t\t\t\t\t<\/div>\n\t\t\t\t<\/div>\n\t\t\t\t\t<\/div>\n\t\t<\/div>\n\t\t\t\t\t<\/div>\n\t\t<\/section>\n\t\t\t\t<section class=\"elementor-section elementor-top-section elementor-element elementor-element-cd010f4 elementor-section-stretched elementor-section-boxed elementor-section-height-default elementor-section-height-default\" data-id=\"cd010f4\" data-element_type=\"section\" data-settings=\"{&quot;stretch_section&quot;:&quot;section-stretched&quot;,&quot;background_background&quot;:&quot;classic&quot;}\">\n\t\t\t\t\t\t<div class=\"elementor-container elementor-column-gap-default\">\n\t\t\t\t\t<div class=\"elementor-column elementor-col-50 elementor-top-column elementor-element elementor-element-2272aa7\" data-id=\"2272aa7\" data-element_type=\"column\">\n\t\t\t<div class=\"elementor-widget-wrap elementor-element-populated\">\n\t\t\t\t\t\t<div class=\"elementor-element elementor-element-1c6fabe elementor-widget elementor-widget-react-heading\" data-id=\"1c6fabe\" data-element_type=\"widget\" data-widget_type=\"react-heading.default\">\n\t\t\t\t<div class=\"elementor-widget-container\">\n\t\t\t\t\t\t  \n        <div class=\"react-heading default title-border-no\">\n             \t\t      \t\t\n\t            <h2 class=\"title\" data-aos-delay=\"300\" data-aos=\"fade-up\" data-aos-duration=\"800\" data-aos-once=\"true\">Was bieten wir an?<\/h2>\t     \n\t\t\t\t        \n\t            \n        <\/div>\n        \t\t\t\t<\/div>\n\t\t\t\t<\/div>\n\t\t\t\t<div class=\"elementor-element elementor-element-8b5f3b1 elementor-icon-list--layout-traditional elementor-list-item-link-full_width elementor-widget elementor-widget-icon-list\" data-id=\"8b5f3b1\" data-element_type=\"widget\" data-widget_type=\"icon-list.default\">\n\t\t\t\t<div class=\"elementor-widget-container\">\n\t\t\t\t\t\t\t<ul class=\"elementor-icon-list-items\">\n\t\t\t\t\t\t\t<li class=\"elementor-icon-list-item\">\n\t\t\t\t\t\t\t\t\t\t\t<span class=\"elementor-icon-list-icon\">\n\t\t\t\t\t\t\t<svg aria-hidden=\"true\" class=\"e-font-icon-svg e-far-check-circle\" viewBox=\"0 0 512 512\" xmlns=\"http:\/\/www.w3.org\/2000\/svg\"><path d=\"M256 8C119.033 8 8 119.033 8 256s111.033 248 248 248 248-111.033 248-248S392.967 8 256 8zm0 48c110.532 0 200 89.451 200 200 0 110.532-89.451 200-200 200-110.532 0-200-89.451-200-200 0-110.532 89.451-200 200-200m140.204 130.267l-22.536-22.718c-4.667-4.705-12.265-4.736-16.97-.068L215.346 303.697l-59.792-60.277c-4.667-4.705-12.265-4.736-16.97-.069l-22.719 22.536c-4.705 4.667-4.736 12.265-.068 16.971l90.781 91.516c4.667 4.705 12.265 4.736 16.97.068l172.589-171.204c4.704-4.668 4.734-12.266.067-16.971z\"><\/path><\/svg>\t\t\t\t\t\t<\/span>\n\t\t\t\t\t\t\t\t\t\t<span class=\"elementor-icon-list-text\"><b>Innovative Technologien<\/b> - wir verwenden die neuesten Technologien und Verfahren, einschlie\u00dflich CNC-Bearbeitung, Laserschneiden und Schwei\u00dfen von <b>Blechen und Rohren<\/b> in einer Schutzatmosph\u00e4re, um die hohe Pr\u00e4zision und Qualit\u00e4t unserer Produkte zu gew\u00e4hrleisten<\/span>\n\t\t\t\t\t\t\t\t\t<\/li>\n\t\t\t\t\t\t\t\t<li class=\"elementor-icon-list-item\">\n\t\t\t\t\t\t\t\t\t\t\t<span class=\"elementor-icon-list-icon\">\n\t\t\t\t\t\t\t<svg aria-hidden=\"true\" class=\"e-font-icon-svg e-far-check-circle\" viewBox=\"0 0 512 512\" xmlns=\"http:\/\/www.w3.org\/2000\/svg\"><path d=\"M256 8C119.033 8 8 119.033 8 256s111.033 248 248 248 248-111.033 248-248S392.967 8 256 8zm0 48c110.532 0 200 89.451 200 200 0 110.532-89.451 200-200 200-110.532 0-200-89.451-200-200 0-110.532 89.451-200 200-200m140.204 130.267l-22.536-22.718c-4.667-4.705-12.265-4.736-16.97-.068L215.346 303.697l-59.792-60.277c-4.667-4.705-12.265-4.736-16.97-.069l-22.719 22.536c-4.705 4.667-4.736 12.265-.068 16.971l90.781 91.516c4.667 4.705 12.265 4.736 16.97.068l172.589-171.204c4.704-4.668 4.734-12.266.067-16.971z\"><\/path><\/svg>\t\t\t\t\t\t<\/span>\n\t\t\t\t\t\t\t\t\t\t<span class=\"elementor-icon-list-text\"><b>Eine breite Palette von Dienstleistungen<\/b> - vom Entwurf und der Herstellung <b>kundenspezifischer Prototypen von Spezialpaletten<\/b> (<b>alle mit der F\u00e4higkeit, extrem gro\u00dfe und schwere Paletten zu produzieren<\/b>) bis hin zu Oberfl\u00e4chenveredelung und Logistikdienstleistungen, bei denen unsere F\u00e4higkeiten den kundenspezifischen Sch\u00fcttguttransport und die Lagerung von Sch\u00fcttgut und Konsignationsware umfassen<\/span>\n\t\t\t\t\t\t\t\t\t<\/li>\n\t\t\t\t\t\t\t\t<li class=\"elementor-icon-list-item\">\n\t\t\t\t\t\t\t\t\t\t\t<span class=\"elementor-icon-list-icon\">\n\t\t\t\t\t\t\t<svg aria-hidden=\"true\" class=\"e-font-icon-svg e-far-check-circle\" viewBox=\"0 0 512 512\" xmlns=\"http:\/\/www.w3.org\/2000\/svg\"><path d=\"M256 8C119.033 8 8 119.033 8 256s111.033 248 248 248 248-111.033 248-248S392.967 8 256 8zm0 48c110.532 0 200 89.451 200 200 0 110.532-89.451 200-200 200-110.532 0-200-89.451-200-200 0-110.532 89.451-200 200-200m140.204 130.267l-22.536-22.718c-4.667-4.705-12.265-4.736-16.97-.068L215.346 303.697l-59.792-60.277c-4.667-4.705-12.265-4.736-16.97-.069l-22.719 22.536c-4.705 4.667-4.736 12.265-.068 16.971l90.781 91.516c4.667 4.705 12.265 4.736 16.97.068l172.589-171.204c4.704-4.668 4.734-12.266.067-16.971z\"><\/path><\/svg>\t\t\t\t\t\t<\/span>\n\t\t\t\t\t\t\t\t\t\t<span class=\"elementor-icon-list-text\"><b>Individueller Ansatz<\/b> - wir stimmen jedes Projekt auf die spezifischen Bed\u00fcrfnisse unserer Kunden ab und k\u00f6nnen so ma\u00dfgeschneiderte L\u00f6sungen anbieten, die ihren Anforderungen voll und ganz entsprechen<\/span>\n\t\t\t\t\t\t\t\t\t<\/li>\n\t\t\t\t\t\t<\/ul>\n\t\t\t\t\t\t<\/div>\n\t\t\t\t<\/div>\n\t\t\t\t<div class=\"elementor-element elementor-element-7fea2a6 elementor-widget elementor-widget-text-editor\" data-id=\"7fea2a6\" data-element_type=\"widget\" data-widget_type=\"text-editor.default\">\n\t\t\t\t<div class=\"elementor-widget-container\">\n\t\t\t\t\t\t\t\t\t<p>Die Firma <strong>OK STS Tou\u017eim, a.s.<\/strong>, besch\u00e4ftigt sich vor allem mit der Konstruktion und Herstellung von Spezial- und Standardpaletten, einschlie\u00dflich Kunststoffteilen, die f\u00fcr die manuelle und automatische Bef\u00fcllung bestimmt sind &#8211; wir helfen Ihnen gerne bei <strong>Ihren individuellen W\u00fcnschen<\/strong>.<\/p><p><strong>Wenn Sie einen zuverl\u00e4ssigen Partner suchen<\/strong>, der Ihnen hilft, Ihre Logistik- und Produktionsziele zu erreichen, z\u00f6gern Sie bitte nicht, uns zu kontaktieren. Unsere Experten bieten Ihnen die Unterst\u00fctzung und L\u00f6sungen, die Sie brauchen, um Ihr Unternehmen zum Erfolg zu f\u00fchren.<\/p><p><strong>Gemeinsam k\u00f6nnen wir gro\u00dfartige Ergebnisse erzielen!<\/strong><\/p>\t\t\t\t\t\t\t\t<\/div>\n\t\t\t\t<\/div>\n\t\t\t\t<div class=\"elementor-element elementor-element-11194a7 elementor-widget__width-auto elementor-widget elementor-widget-react-button\" data-id=\"11194a7\" data-element_type=\"widget\" data-widget_type=\"react-button.default\">\n\t\t\t\t<div class=\"elementor-widget-container\">\n\t\t\t\t\t\t\n\t\t\n\t\t<div class=\"react-button primary_btn\">\n\t\t\t\t\t\t<a class=\"react_button\" href=\"https:\/\/oksts.cz\/de\/kontakt\/\" >\t\t\t\t\n\t\t\t\n\t\t\t\t\n\t\t\t<span class=\"btn_text\">Kontaktieren Sie uns<\/span>\n\t\t\t\t\t\t\t\t\t<i aria-hidden=\"true\" class=\"rt rt-arrow-right\"><\/i>\t\t\t\t\n\t\t\t\t\t\t\t<\/a>\n\t\t<\/div>    \n\t\t\t\t\t<\/div>\n\t\t\t\t<\/div>\n\t\t\t\t\t<\/div>\n\t\t<\/div>\n\t\t\t\t<div class=\"elementor-column elementor-col-50 elementor-top-column elementor-element elementor-element-9eae7a3\" data-id=\"9eae7a3\" data-element_type=\"column\">\n\t\t\t<div class=\"elementor-widget-wrap elementor-element-populated\">\n\t\t\t\t\t\t<div class=\"elementor-element elementor-element-a58dc0f elementor-widget elementor-widget-react-heading\" data-id=\"a58dc0f\" data-element_type=\"widget\" data-widget_type=\"react-heading.default\">\n\t\t\t\t<div class=\"elementor-widget-container\">\n\t\t\t\t\t\t  \n        <div class=\"react-heading default title-border-no\">\n             \t\t      \t\t\n\t            <h4 class=\"title\" data-aos-delay=\"300\" data-aos=\"fade-up\" data-aos-duration=\"800\" data-aos-once=\"true\">Kontaktieren Sie uns<\/h4>\t     \n\t\t\t\t        \n\t            \n        <\/div>\n        \t\t\t\t<\/div>\n\t\t\t\t<\/div>\n\t\t\t\t<div class=\"elementor-element elementor-element-ca1cf32 elementor-icon-list--layout-traditional elementor-list-item-link-full_width elementor-widget elementor-widget-icon-list\" data-id=\"ca1cf32\" data-element_type=\"widget\" data-widget_type=\"icon-list.default\">\n\t\t\t\t<div class=\"elementor-widget-container\">\n\t\t\t\t\t\t\t<ul class=\"elementor-icon-list-items\">\n\t\t\t\t\t\t\t<li class=\"elementor-icon-list-item\">\n\t\t\t\t\t\t\t\t\t\t\t<a href=\"tel:+420%20353%20312%20125\">\n\n\t\t\t\t\t\t\t\t\t\t\t\t<span class=\"elementor-icon-list-icon\">\n\t\t\t\t\t\t\t<i aria-hidden=\"true\" class=\"rt rt-phone-flip\"><\/i>\t\t\t\t\t\t<\/span>\n\t\t\t\t\t\t\t\t\t\t<span class=\"elementor-icon-list-text\">+420 353 312 125<\/span>\n\t\t\t\t\t\t\t\t\t\t\t<\/a>\n\t\t\t\t\t\t\t\t\t<\/li>\n\t\t\t\t\t\t<\/ul>\n\t\t\t\t\t\t<\/div>\n\t\t\t\t<\/div>\n\t\t\t\t<div class=\"elementor-element elementor-element-adf261f elementor-icon-list--layout-traditional elementor-list-item-link-full_width elementor-widget elementor-widget-icon-list\" data-id=\"adf261f\" data-element_type=\"widget\" data-widget_type=\"icon-list.default\">\n\t\t\t\t<div class=\"elementor-widget-container\">\n\t\t\t\t\t\t\t<ul class=\"elementor-icon-list-items\">\n\t\t\t\t\t\t\t<li class=\"elementor-icon-list-item\">\n\t\t\t\t\t\t\t\t\t\t\t<span class=\"elementor-icon-list-icon\">\n\t\t\t\t\t\t\t<i aria-hidden=\"true\" class=\"rt rt-map-location-dot\"><\/i>\t\t\t\t\t\t<\/span>\n\t\t\t\t\t\t\t\t\t\t<span class=\"elementor-icon-list-text\">\u017dlutick\u00e1 430, 364 01 Tou\u017eim<\/span>\n\t\t\t\t\t\t\t\t\t<\/li>\n\t\t\t\t\t\t<\/ul>\n\t\t\t\t\t\t<\/div>\n\t\t\t\t<\/div>\n\t\t\t\t<div class=\"elementor-element elementor-element-a62a680 elementor-icon-list--layout-traditional elementor-list-item-link-full_width elementor-widget elementor-widget-icon-list\" data-id=\"a62a680\" data-element_type=\"widget\" data-widget_type=\"icon-list.default\">\n\t\t\t\t<div class=\"elementor-widget-container\">\n\t\t\t\t\t\t\t<ul class=\"elementor-icon-list-items\">\n\t\t\t\t\t\t\t<li class=\"elementor-icon-list-item\">\n\t\t\t\t\t\t\t\t\t\t\t<a href=\"mailto:oksts@oksts.cz\">\n\n\t\t\t\t\t\t\t\t\t\t\t\t<span class=\"elementor-icon-list-icon\">\n\t\t\t\t\t\t\t<i aria-hidden=\"true\" class=\"rt rt-envelope-open-text\"><\/i>\t\t\t\t\t\t<\/span>\n\t\t\t\t\t\t\t\t\t\t<span class=\"elementor-icon-list-text\">oksts@oksts.cz<\/span>\n\t\t\t\t\t\t\t\t\t\t\t<\/a>\n\t\t\t\t\t\t\t\t\t<\/li>\n\t\t\t\t\t\t<\/ul>\n\t\t\t\t\t\t<\/div>\n\t\t\t\t<\/div>\n\t\t\t\t<div class=\"elementor-element elementor-element-a3b0be8 elementor-widget elementor-widget-google_maps\" data-id=\"a3b0be8\" data-element_type=\"widget\" data-widget_type=\"google_maps.default\">\n\t\t\t\t<div class=\"elementor-widget-container\">\n\t\t\t\t\t\t\t<div class=\"elementor-custom-embed\">\n\t\t\t<iframe loading=\"lazy\"\n\t\t\t\t\tsrc=\"https:\/\/maps.google.com\/maps?q=OK%20STS%20Tou%C5%BEim%2C%20a.s.%20&#038;t=m&#038;z=10&#038;output=embed&#038;iwloc=near\"\n\t\t\t\t\ttitle=\"OK STS Tou\u017eim, a.s. \"\n\t\t\t\t\taria-label=\"OK STS Tou\u017eim, a.s. \"\n\t\t\t><\/iframe>\n\t\t<\/div>\n\t\t\t\t\t\t<\/div>\n\t\t\t\t<\/div>\n\t\t\t\t\t<\/div>\n\t\t<\/div>\n\t\t\t\t\t<\/div>\n\t\t<\/section>\n\t\t\t\t<\/div>\n\t\t","protected":false},"excerpt":{"rendered":"<p>Ein paar Worte \u00fcber uns Qualit\u00e4t, Kompetenz, Erfahrung, Schnelligkeit, Flexibilit\u00e4t. OK STS Tou\u017eim, a.s. konzentriert sich auf die Bereitstellung modernster industrieller L\u00f6sungen, die den vielf\u00e4ltigen Bed\u00fcrfnissen unserer Kunden entsprechen. Seit unserer Gr\u00fcndung im Jahr 1994 haben wir uns durch unseren Fokus auf Qualit\u00e4t, Innovation und Kundenzufriedenheit zu einem anerkannten Branchenf\u00fchrer entwickelt. Unser Hauptziel ist es,&#8230;<\/p>\n","protected":false},"author":1,"featured_media":0,"parent":12443,"menu_order":0,"comment_status":"closed","ping_status":"closed","template":"","meta":{"footnotes":""},"class_list":["post-12488","page","type-page","status-publish","hentry"],"_links":{"self":[{"href":"https:\/\/oksts.cz\/de\/wp-json\/wp\/v2\/pages\/12488","targetHints":{"allow":["GET"]}}],"collection":[{"href":"https:\/\/oksts.cz\/de\/wp-json\/wp\/v2\/pages"}],"about":[{"href":"https:\/\/oksts.cz\/de\/wp-json\/wp\/v2\/types\/page"}],"author":[{"embeddable":true,"href":"https:\/\/oksts.cz\/de\/wp-json\/wp\/v2\/users\/1"}],"replies":[{"embeddable":true,"href":"https:\/\/oksts.cz\/de\/wp-json\/wp\/v2\/comments?post=12488"}],"version-history":[{"count":5,"href":"https:\/\/oksts.cz\/de\/wp-json\/wp\/v2\/pages\/12488\/revisions"}],"predecessor-version":[{"id":12496,"href":"https:\/\/oksts.cz\/de\/wp-json\/wp\/v2\/pages\/12488\/revisions\/12496"}],"up":[{"embeddable":true,"href":"https:\/\/oksts.cz\/de\/wp-json\/wp\/v2\/pages\/12443"}],"wp:attachment":[{"href":"https:\/\/oksts.cz\/de\/wp-json\/wp\/v2\/media?parent=12488"}],"curies":[{"name":"wp","href":"https:\/\/api.w.org\/{rel}","templated":true}]}}