{"id":12459,"date":"2025-02-14T12:14:48","date_gmt":"2025-02-14T11:14:48","guid":{"rendered":"https:\/\/oksts.cz\/unternehmen\/eu-subventionen\/"},"modified":"2025-04-24T12:19:28","modified_gmt":"2025-04-24T10:19:28","slug":"eu-subventionen","status":"publish","type":"page","link":"https:\/\/oksts.cz\/de\/unternehmen\/eu-subventionen\/","title":{"rendered":"EU-Subventionen"},"content":{"rendered":"\t\t<div data-elementor-type=\"wp-page\" data-elementor-id=\"12459\" class=\"elementor elementor-12459 elementor-11996\" data-elementor-post-type=\"page\">\n\t\t\t\t<div class=\"elementor-element elementor-element-5086c5c e-flex e-con-boxed e-con e-parent\" data-id=\"5086c5c\" data-element_type=\"container\">\n\t\t\t\t\t<div class=\"e-con-inner\">\n\t\t<div class=\"elementor-element elementor-element-1dfe54b e-con-full e-flex e-con e-child\" data-id=\"1dfe54b\" data-element_type=\"container\">\n\t\t\t\t<div class=\"elementor-element elementor-element-3be42bd elementor-widget elementor-widget-react-heading\" data-id=\"3be42bd\" data-element_type=\"widget\" data-widget_type=\"react-heading.default\">\n\t\t\t\t<div class=\"elementor-widget-container\">\n\t\t\t\t\t\t  \n        <div class=\"react-heading default title-border-no\">\n             \t\t      \t\t\n\t            <span class=\"sub-text\" data-aos-delay=\"200\" data-aos=\"fade-up\" data-aos-duration=\"800\" data-aos-once=\"true\">OK STS Tou\u017eim, a.s.<\/span><h2 class=\"title\" data-aos-delay=\"300\" data-aos=\"fade-up\" data-aos-duration=\"800\" data-aos-once=\"true\">EU-Subventionen<\/h2>\t     \n\t\t\t\t        \n\t            \n        <\/div>\n        \t\t\t\t<\/div>\n\t\t\t\t<\/div>\n\t\t\t\t<div class=\"elementor-element elementor-element-8e66f79 elementor-widget elementor-widget-image\" data-id=\"8e66f79\" data-element_type=\"widget\" data-widget_type=\"image.default\">\n\t\t\t\t<div class=\"elementor-widget-container\">\n\t\t\t\t\t\t\t\t\t\t\t\t\t\t\t<img fetchpriority=\"high\" decoding=\"async\" width=\"498\" height=\"101\" src=\"https:\/\/oksts.cz\/wp-content\/uploads\/2025\/02\/logo_eu.png\" class=\"attachment-large size-large wp-image-11998\" alt=\"\" srcset=\"https:\/\/oksts.cz\/wp-content\/uploads\/2025\/02\/logo_eu.png 498w, https:\/\/oksts.cz\/wp-content\/uploads\/2025\/02\/logo_eu-300x61.png 300w\" sizes=\"(max-width: 498px) 100vw, 498px\" \/>\t\t\t\t\t\t\t\t\t\t\t\t\t\t\t<\/div>\n\t\t\t\t<\/div>\n\t\t\t\t<\/div>\n\t\t<div class=\"elementor-element elementor-element-c9db410 e-con-full e-flex e-con e-child\" data-id=\"c9db410\" data-element_type=\"container\">\n\t\t\t\t<div class=\"elementor-element elementor-element-968f8c4 elementor-widget elementor-widget-text-editor\" data-id=\"968f8c4\" data-element_type=\"widget\" data-widget_type=\"text-editor.default\">\n\t\t\t\t<div class=\"elementor-widget-container\">\n\t\t\t\t\t\t\t\t\t<p><strong>Projektname: <\/strong>Energieeinsparung OK STS Tou\u017eim, a.s.<br><strong>Projektnummer:<\/strong> CZ.01.3.10\/0.0\/0.0\/16_061\/0011409<br><strong>Projektbeschreibung:<\/strong> Ziel des Projekts ist die Anschaffung eines neuen Lasers und die Modernisierung der Beleuchtung, alles mit dem Ziel, den Energieverbrauch der Gesch\u00e4ftst\u00e4tigkeit von OK STS Tou\u017eim, a.s.<br>zu senken.<br><strong>Projektdauer:<\/strong> 22.9.2017 &#8211; 31.12.2019<\/p>\t\t\t\t\t\t\t\t<\/div>\n\t\t\t\t<\/div>\n\t\t\t\t<\/div>\n\t\t\t\t\t<\/div>\n\t\t\t\t<\/div>\n\t\t<div class=\"elementor-element elementor-element-56f84c2 e-flex e-con-boxed e-con e-parent\" data-id=\"56f84c2\" data-element_type=\"container\">\n\t\t\t\t\t<div class=\"e-con-inner\">\n\t\t\t\t<div class=\"elementor-element elementor-element-fb4f4b3 elementor-widget-divider--view-line elementor-widget elementor-widget-divider\" data-id=\"fb4f4b3\" data-element_type=\"widget\" data-widget_type=\"divider.default\">\n\t\t\t\t<div class=\"elementor-widget-container\">\n\t\t\t\t\t\t\t<div class=\"elementor-divider\">\n\t\t\t<span class=\"elementor-divider-separator\">\n\t\t\t\t\t\t<\/span>\n\t\t<\/div>\n\t\t\t\t\t\t<\/div>\n\t\t\t\t<\/div>\n\t\t\t\t\t<\/div>\n\t\t\t\t<\/div>\n\t\t<div class=\"elementor-element elementor-element-4e88d56 e-flex e-con-boxed e-con e-parent\" data-id=\"4e88d56\" data-element_type=\"container\">\n\t\t\t\t\t<div class=\"e-con-inner\">\n\t\t<div class=\"elementor-element elementor-element-5dbc294 e-con-full e-flex e-con e-child\" data-id=\"5dbc294\" data-element_type=\"container\">\n\t\t\t\t<div class=\"elementor-element elementor-element-d0dbf38 elementor-widget elementor-widget-react-heading\" data-id=\"d0dbf38\" data-element_type=\"widget\" data-widget_type=\"react-heading.default\">\n\t\t\t\t<div class=\"elementor-widget-container\">\n\t\t\t\t\t\t  \n        <div class=\"react-heading default title-border-no\">\n             \t\t      \t\t\n\t            <span class=\"sub-text\" data-aos-delay=\"200\" data-aos=\"fade-up\" data-aos-duration=\"800\" data-aos-once=\"true\">MODERNISIERUNGSFONDS<\/span><h2 class=\"title\" data-aos-delay=\"300\" data-aos=\"fade-up\" data-aos-duration=\"800\" data-aos-once=\"true\">SCHNELLER ZU GR\u00dcNER ENERGIE UND EINEM GESUNDEN KLIMA<\/h2>\t     \n\t\t\t\t        \n\t            \n        <\/div>\n        \t\t\t\t<\/div>\n\t\t\t\t<\/div>\n\t\t\t\t<div class=\"elementor-element elementor-element-bd776a6 elementor-widget elementor-widget-image\" data-id=\"bd776a6\" data-element_type=\"widget\" data-widget_type=\"image.default\">\n\t\t\t\t<div class=\"elementor-widget-container\">\n\t\t\t\t\t\t\t\t\t\t\t\t\t\t\t<img decoding=\"async\" width=\"640\" height=\"357\" src=\"https:\/\/oksts.cz\/wp-content\/uploads\/2025\/02\/dotace-touzim2-loga.jpg\" class=\"attachment-large size-large wp-image-12460\" alt=\"\" srcset=\"https:\/\/oksts.cz\/wp-content\/uploads\/2025\/02\/dotace-touzim2-loga.jpg 668w, https:\/\/oksts.cz\/wp-content\/uploads\/2025\/02\/dotace-touzim2-loga-300x168.jpg 300w\" sizes=\"(max-width: 640px) 100vw, 640px\" \/>\t\t\t\t\t\t\t\t\t\t\t\t\t\t\t<\/div>\n\t\t\t\t<\/div>\n\t\t\t\t<\/div>\n\t\t<div class=\"elementor-element elementor-element-9c41f5e e-con-full e-flex e-con e-child\" data-id=\"9c41f5e\" data-element_type=\"container\">\n\t\t\t\t<div class=\"elementor-element elementor-element-7ab492b elementor-widget elementor-widget-text-editor\" data-id=\"7ab492b\" data-element_type=\"widget\" data-widget_type=\"text-editor.default\">\n\t\t\t\t<div class=\"elementor-widget-container\">\n\t\t\t\t\t\t\t\t\t<p><strong>Name des Vorhabens: <\/strong>FVE OK STS Tou\u017eim, a.s. &#8211; Tou\u017eim<br><strong>Nummer des Vorhabens: <\/strong>CZ.31.3.0\/0.0\/0.0\/22_001\/0003888<br><strong>Beschreibung des Vorhabens: <\/strong>Das Ziel des Vorhabens ist die Installation von FVE einschlie\u00dflich der Energiespeicherung in Form von Batteriespeichern.<\/p><p>Ziel des Projekts ist es, den Verbrauch von Strom aus dem Netz aus herk\u00f6mmlichen Quellen durch die Nutzung von Energie aus erneuerbaren Quellen zu verringern und dadurch die Umweltauswirkungen der Gesch\u00e4ftst\u00e4tigkeit in Form von geringeren CO2-Emissionen bei der Stromerzeugung zu reduzieren. Energie<\/p><p><strong>Dauer des Projekts: <\/strong>12\/2023 &#8211; 11\/2025<\/p><p><em>Dieses Projekt wurde auf der Grundlage einer Entscheidung des Umweltministers vom Modernisierungsfonds kofinanziert.<\/em><\/p>\t\t\t\t\t\t\t\t<\/div>\n\t\t\t\t<\/div>\n\t\t\t\t<div class=\"elementor-element elementor-element-b0449e0 elementor-widget elementor-widget-text-editor\" data-id=\"b0449e0\" data-element_type=\"widget\" data-widget_type=\"text-editor.default\">\n\t\t\t\t<div class=\"elementor-widget-container\">\n\t\t\t\t\t\t\t\t\t<p>PV-Anlagen bis zu 1 MWp f\u00fcr OK STS Tou\u017eim, a.s. &#8211; <span style=\"text-decoration: underline;\"><strong><a href=\"https:\/\/oksts.cz\/wp-content\/uploads\/2025\/02\/Publicita-SFZP_OKSTS.pdf\" target=\"_blank\" rel=\"noopener\">INFORMATION HIER<\/a><\/strong><\/span><\/p>\t\t\t\t\t\t\t\t<\/div>\n\t\t\t\t<\/div>\n\t\t\t\t<\/div>\n\t\t\t\t\t<\/div>\n\t\t\t\t<\/div>\n\t\t\t\t<\/div>\n\t\t","protected":false},"excerpt":{"rendered":"<p>OK STS Tou\u017eim, a.s. EU-Subventionen Projektname: Energieeinsparung OK STS Tou\u017eim, a.s. Projektnummer: CZ.01.3.10\/0.0\/0.0\/16_061\/0011409 Projektbeschreibung: Ziel des Projekts ist die Anschaffung eines neuen Lasers und die Modernisierung der Beleuchtung, alles mit dem Ziel, den Energieverbrauch der Gesch\u00e4ftst\u00e4tigkeit von OK STS Tou\u017eim, a.s. zu senken. Projektdauer: 22.9.2017 &#8211; 31.12.2019 MODERNISIERUNGSFONDS SCHNELLER ZU GR\u00dcNER ENERGIE UND EINEM GESUNDEN&#8230;<\/p>\n","protected":false},"author":1,"featured_media":0,"parent":12443,"menu_order":0,"comment_status":"closed","ping_status":"closed","template":"","meta":{"footnotes":""},"class_list":["post-12459","page","type-page","status-publish","hentry"],"_links":{"self":[{"href":"https:\/\/oksts.cz\/de\/wp-json\/wp\/v2\/pages\/12459","targetHints":{"allow":["GET"]}}],"collection":[{"href":"https:\/\/oksts.cz\/de\/wp-json\/wp\/v2\/pages"}],"about":[{"href":"https:\/\/oksts.cz\/de\/wp-json\/wp\/v2\/types\/page"}],"author":[{"embeddable":true,"href":"https:\/\/oksts.cz\/de\/wp-json\/wp\/v2\/users\/1"}],"replies":[{"embeddable":true,"href":"https:\/\/oksts.cz\/de\/wp-json\/wp\/v2\/comments?post=12459"}],"version-history":[{"count":5,"href":"https:\/\/oksts.cz\/de\/wp-json\/wp\/v2\/pages\/12459\/revisions"}],"predecessor-version":[{"id":12465,"href":"https:\/\/oksts.cz\/de\/wp-json\/wp\/v2\/pages\/12459\/revisions\/12465"}],"up":[{"embeddable":true,"href":"https:\/\/oksts.cz\/de\/wp-json\/wp\/v2\/pages\/12443"}],"wp:attachment":[{"href":"https:\/\/oksts.cz\/de\/wp-json\/wp\/v2\/media?parent=12459"}],"curies":[{"name":"wp","href":"https:\/\/api.w.org\/{rel}","templated":true}]}}