{"id":12443,"date":"2024-09-29T15:04:03","date_gmt":"2024-09-29T13:04:03","guid":{"rendered":"https:\/\/oksts.cz\/unternehmen\/"},"modified":"2025-04-24T13:02:16","modified_gmt":"2025-04-24T11:02:16","slug":"unternehmen","status":"publish","type":"page","link":"https:\/\/oksts.cz\/de\/unternehmen\/","title":{"rendered":"Unternehmen"},"content":{"rendered":"\t\t<div data-elementor-type=\"wp-page\" data-elementor-id=\"12443\" class=\"elementor elementor-12443 elementor-11490\" data-elementor-post-type=\"page\">\n\t\t\t\t\t\t<section class=\"elementor-section elementor-top-section elementor-element elementor-element-c7e7c17 elementor-section-full_width elementor-section-height-default elementor-section-height-default\" data-id=\"c7e7c17\" data-element_type=\"section\">\n\t\t\t\t\t\t<div class=\"elementor-container elementor-column-gap-default\">\n\t\t\t\t\t<div class=\"elementor-column elementor-col-50 elementor-top-column elementor-element elementor-element-25c2aed\" data-id=\"25c2aed\" data-element_type=\"column\">\n\t\t\t<div class=\"elementor-widget-wrap elementor-element-populated\">\n\t\t\t\t\t\t<div class=\"elementor-element elementor-element-59b253e elementor-widget elementor-widget-react-heading\" data-id=\"59b253e\" data-element_type=\"widget\" data-widget_type=\"react-heading.default\">\n\t\t\t\t<div class=\"elementor-widget-container\">\n\t\t\t\t\t\t  \n        <div class=\"react-heading default title-border-no\">\n             \t\t      \t\t\n\t            <span class=\"sub-text\" data-aos-delay=\"200\" data-aos=\"fade-up\" data-aos-duration=\"800\" data-aos-once=\"true\">Na\u0161e firma<\/span><h2 class=\"title\" data-aos-delay=\"300\" data-aos=\"fade-up\" data-aos-duration=\"800\" data-aos-once=\"true\">OK STS Tou\u017eim, a.s.<\/h2>\t     \n\t\t\t\t        \n\t            \n        <\/div>\n        \t\t\t\t<\/div>\n\t\t\t\t<\/div>\n\t\t\t\t<div class=\"elementor-element elementor-element-747183e elementor-widget elementor-widget-text-editor\" data-id=\"747183e\" data-element_type=\"widget\" data-widget_type=\"text-editor.default\">\n\t\t\t\t<div class=\"elementor-widget-container\">\n\t\t\t\t\t\t\t\t\t<p><strong>OK STS Tou\u017eim, a.s. <\/strong>ist ein sich dynamisch entwickelndes Unternehmen, das <strong>seit seiner Gr\u00fcndung im Jahr 1994 <\/strong>schrittweise zu einem der f\u00fchrenden Akteure im Bereich der Industrie- und Logistikl\u00f6sungen in Europa geworden ist.<\/p><p><strong>Unser Ziel<\/strong> ist es, unseren Kunden<strong> innovative und effiziente Dienstleistungen<\/strong> anzubieten, die ihnen helfen, ihre Prozesse zu optimieren und ihre Gesch\u00e4ftsziele zu erreichen.<\/p><p>Unser Unternehmen hat seinen Sitz in <strong>Tou\u017eim<\/strong>, wo wir <strong>alle wichtigen Produktionsanlagen<\/strong> haben. Dieser strategische Standort erm\u00f6glicht es uns, <strong>unsere Kunden in ganz Europa<\/strong> effizient zu bedienen.<\/p><p>Wir verf\u00fcgen \u00fcber moderne Einrichtungen, <strong>die fortschrittliche Technologien<\/strong> wie <strong>Rohr- und Flachlaser von Spitzenherstellern<\/strong>, <strong>CNC-Stanzen<\/strong> und zuverl\u00e4ssige Biege- und <strong>Fr\u00e4sdienste<\/strong> umfassen. Unsere <strong>hohen Kranhallen mit der F\u00e4higkeit, besonders schwere Lasten und andere Ausr\u00fcstungen zu handhaben,<\/strong> erm\u00f6glichen uns <strong>die Durchf\u00fchrung von Projekten<\/strong> unterschiedlicher Gr\u00f6\u00dfe und Komplexit\u00e4t.<\/p>\t\t\t\t\t\t\t\t<\/div>\n\t\t\t\t<\/div>\n\t\t\t\t<div class=\"elementor-element elementor-element-2ece893 elementor-widget__width-auto elementor-widget elementor-widget-react-button\" data-id=\"2ece893\" data-element_type=\"widget\" data-widget_type=\"react-button.default\">\n\t\t\t\t<div class=\"elementor-widget-container\">\n\t\t\t\t\t\t\n\t\t\n\t\t<div class=\"react-button primary_btn\">\n\t\t\t\t\t\t<a class=\"react_button\" href=\"\/poptavka\/\" >\t\t\t\t\n\t\t\t\n\t\t\t\t\n\t\t\t<span class=\"btn_text\">Poptat slu\u017ebu<\/span>\n\t\t\t\t\t\t\t\t\t<i aria-hidden=\"true\" class=\"rt rt-arrow-right\"><\/i>\t\t\t\t\n\t\t\t\t\t\t\t<\/a>\n\t\t<\/div>    \n\t\t\t\t\t<\/div>\n\t\t\t\t<\/div>\n\t\t\t\t\t<\/div>\n\t\t<\/div>\n\t\t\t\t<div class=\"elementor-column elementor-col-50 elementor-top-column elementor-element elementor-element-53faefb\" data-id=\"53faefb\" data-element_type=\"column\" data-settings=\"{&quot;background_background&quot;:&quot;slideshow&quot;,&quot;background_slideshow_gallery&quot;:[{&quot;id&quot;:11818,&quot;url&quot;:&quot;https:\\\/\\\/oksts.cz\\\/wp-content\\\/uploads\\\/2024\\\/11\\\/6_stridajici.jpg&quot;},{&quot;id&quot;:11432,&quot;url&quot;:&quot;https:\\\/\\\/oksts.cz\\\/wp-content\\\/uploads\\\/2024\\\/09\\\/IMG_9814.jpg&quot;},{&quot;id&quot;:11425,&quot;url&quot;:&quot;https:\\\/\\\/oksts.cz\\\/wp-content\\\/uploads\\\/2024\\\/09\\\/IMG_9793.jpg&quot;},{&quot;id&quot;:11422,&quot;url&quot;:&quot;https:\\\/\\\/oksts.cz\\\/wp-content\\\/uploads\\\/2024\\\/09\\\/IMG_9785.jpg&quot;},{&quot;id&quot;:11428,&quot;url&quot;:&quot;https:\\\/\\\/oksts.cz\\\/wp-content\\\/uploads\\\/2024\\\/09\\\/IMG_9800.jpg&quot;},{&quot;id&quot;:11410,&quot;url&quot;:&quot;https:\\\/\\\/oksts.cz\\\/wp-content\\\/uploads\\\/2024\\\/09\\\/IMG_9767.jpg&quot;}],&quot;background_slideshow_loop&quot;:&quot;yes&quot;,&quot;background_slideshow_slide_duration&quot;:5000,&quot;background_slideshow_slide_transition&quot;:&quot;fade&quot;,&quot;background_slideshow_transition_duration&quot;:500}\">\n\t\t\t<div class=\"elementor-widget-wrap elementor-element-populated\">\n\t\t\t\t\t\t<div class=\"elementor-element elementor-element-5394172 elementor-widget elementor-widget-spacer\" data-id=\"5394172\" data-element_type=\"widget\" data-widget_type=\"spacer.default\">\n\t\t\t\t<div class=\"elementor-widget-container\">\n\t\t\t\t\t\t\t<div class=\"elementor-spacer\">\n\t\t\t<div class=\"elementor-spacer-inner\"><\/div>\n\t\t<\/div>\n\t\t\t\t\t\t<\/div>\n\t\t\t\t<\/div>\n\t\t\t\t\t<\/div>\n\t\t<\/div>\n\t\t\t\t\t<\/div>\n\t\t<\/section>\n\t\t\t\t<section class=\"elementor-section elementor-top-section elementor-element elementor-element-cd010f4 elementor-section-stretched elementor-section-boxed elementor-section-height-default elementor-section-height-default\" data-id=\"cd010f4\" data-element_type=\"section\" data-settings=\"{&quot;stretch_section&quot;:&quot;section-stretched&quot;,&quot;background_background&quot;:&quot;classic&quot;}\">\n\t\t\t\t\t\t<div class=\"elementor-container elementor-column-gap-default\">\n\t\t\t\t\t<div class=\"elementor-column elementor-col-50 elementor-top-column elementor-element elementor-element-2272aa7\" data-id=\"2272aa7\" data-element_type=\"column\">\n\t\t\t<div class=\"elementor-widget-wrap elementor-element-populated\">\n\t\t\t\t\t\t<div class=\"elementor-element elementor-element-1c6fabe elementor-widget elementor-widget-react-heading\" data-id=\"1c6fabe\" data-element_type=\"widget\" data-widget_type=\"react-heading.default\">\n\t\t\t\t<div class=\"elementor-widget-container\">\n\t\t\t\t\t\t  \n        <div class=\"react-heading default title-border-no\">\n             \t\t      \t\t\n\t            <h2 class=\"title\" data-aos-delay=\"300\" data-aos=\"fade-up\" data-aos-duration=\"800\" data-aos-once=\"true\">Na\u0161e hlavn\u00ed slu\u017eby:<\/h2>\t     \n\t\t\t\t        \n\t            \n        <\/div>\n        \t\t\t\t<\/div>\n\t\t\t\t<\/div>\n\t\t\t\t<div class=\"elementor-element elementor-element-8b5f3b1 elementor-icon-list--layout-traditional elementor-list-item-link-full_width elementor-widget elementor-widget-icon-list\" data-id=\"8b5f3b1\" data-element_type=\"widget\" data-widget_type=\"icon-list.default\">\n\t\t\t\t<div class=\"elementor-widget-container\">\n\t\t\t\t\t\t\t<ul class=\"elementor-icon-list-items\">\n\t\t\t\t\t\t\t<li class=\"elementor-icon-list-item\">\n\t\t\t\t\t\t\t\t\t\t\t<span class=\"elementor-icon-list-icon\">\n\t\t\t\t\t\t\t<svg aria-hidden=\"true\" class=\"e-font-icon-svg e-far-check-circle\" viewBox=\"0 0 512 512\" xmlns=\"http:\/\/www.w3.org\/2000\/svg\"><path d=\"M256 8C119.033 8 8 119.033 8 256s111.033 248 248 248 248-111.033 248-248S392.967 8 256 8zm0 48c110.532 0 200 89.451 200 200 0 110.532-89.451 200-200 200-110.532 0-200-89.451-200-200 0-110.532 89.451-200 200-200m140.204 130.267l-22.536-22.718c-4.667-4.705-12.265-4.736-16.97-.068L215.346 303.697l-59.792-60.277c-4.667-4.705-12.265-4.736-16.97-.069l-22.719 22.536c-4.705 4.667-4.736 12.265-.068 16.971l90.781 91.516c4.667 4.705 12.265 4.736 16.97.068l172.589-171.204c4.704-4.668 4.734-12.266.067-16.971z\"><\/path><\/svg>\t\t\t\t\t\t<\/span>\n\t\t\t\t\t\t\t\t\t\t<span class=\"elementor-icon-list-text\"><b>Umfassende Fertigung<\/b> - wir bieten eine breite Palette von Dienstleistungen an, vom Profilbrennen, Schwei\u00dfen und Lackieren bis hin zu Montagearbeiten und der Herstellung von Pr\u00fcf-, Test- und Messger\u00e4ten<\/span>\n\t\t\t\t\t\t\t\t\t<\/li>\n\t\t\t\t\t\t\t\t<li class=\"elementor-icon-list-item\">\n\t\t\t\t\t\t\t\t\t\t\t<span class=\"elementor-icon-list-icon\">\n\t\t\t\t\t\t\t<svg aria-hidden=\"true\" class=\"e-font-icon-svg e-far-check-circle\" viewBox=\"0 0 512 512\" xmlns=\"http:\/\/www.w3.org\/2000\/svg\"><path d=\"M256 8C119.033 8 8 119.033 8 256s111.033 248 248 248 248-111.033 248-248S392.967 8 256 8zm0 48c110.532 0 200 89.451 200 200 0 110.532-89.451 200-200 200-110.532 0-200-89.451-200-200 0-110.532 89.451-200 200-200m140.204 130.267l-22.536-22.718c-4.667-4.705-12.265-4.736-16.97-.068L215.346 303.697l-59.792-60.277c-4.667-4.705-12.265-4.736-16.97-.069l-22.719 22.536c-4.705 4.667-4.736 12.265-.068 16.971l90.781 91.516c4.667 4.705 12.265 4.736 16.97.068l172.589-171.204c4.704-4.668 4.734-12.266.067-16.971z\"><\/path><\/svg>\t\t\t\t\t\t<\/span>\n\t\t\t\t\t\t\t\t\t\t<span class=\"elementor-icon-list-text\"><b>Logistikl\u00f6sungen<\/b> - wir sorgen f\u00fcr einen eigenen Transport per Sch\u00fcttgutzug und bieten ein Konsignationslager an, was Flexibilit\u00e4t und eine schnelle Lieferung unserer Produkte gew\u00e4hrleistet<\/span>\n\t\t\t\t\t\t\t\t\t<\/li>\n\t\t\t\t\t\t\t\t<li class=\"elementor-icon-list-item\">\n\t\t\t\t\t\t\t\t\t\t\t<span class=\"elementor-icon-list-icon\">\n\t\t\t\t\t\t\t<svg aria-hidden=\"true\" class=\"e-font-icon-svg e-far-check-circle\" viewBox=\"0 0 512 512\" xmlns=\"http:\/\/www.w3.org\/2000\/svg\"><path d=\"M256 8C119.033 8 8 119.033 8 256s111.033 248 248 248 248-111.033 248-248S392.967 8 256 8zm0 48c110.532 0 200 89.451 200 200 0 110.532-89.451 200-200 200-110.532 0-200-89.451-200-200 0-110.532 89.451-200 200-200m140.204 130.267l-22.536-22.718c-4.667-4.705-12.265-4.736-16.97-.068L215.346 303.697l-59.792-60.277c-4.667-4.705-12.265-4.736-16.97-.069l-22.719 22.536c-4.705 4.667-4.736 12.265-.068 16.971l90.781 91.516c4.667 4.705 12.265 4.736 16.97.068l172.589-171.204c4.704-4.668 4.734-12.266.067-16.971z\"><\/path><\/svg>\t\t\t\t\t\t<\/span>\n\t\t\t\t\t\t\t\t\t\t<span class=\"elementor-icon-list-text\"><b>Sonderanfertigungen<\/b> - wir sind spezialisiert auf die Entwicklung und Produktion von individuellen L\u00f6sungen f\u00fcr die spezifischen Bed\u00fcrfnisse unserer Kunden, nicht nur in der Automobilindustrie<\/span>\n\t\t\t\t\t\t\t\t\t<\/li>\n\t\t\t\t\t\t<\/ul>\n\t\t\t\t\t\t<\/div>\n\t\t\t\t<\/div>\n\t\t\t\t<div class=\"elementor-element elementor-element-7fea2a6 elementor-widget elementor-widget-text-editor\" data-id=\"7fea2a6\" data-element_type=\"widget\" data-widget_type=\"text-editor.default\">\n\t\t\t\t<div class=\"elementor-widget-container\">\n\t\t\t\t\t\t\t\t\t<p><strong>OK STS Tou\u017eim, a.s. <\/strong>ist ein sich dynamisch entwickelndes Unternehmen, das <strong>seit seiner Gr\u00fcndung im Jahr 1994 <\/strong>schrittweise zu einem der f\u00fchrenden Akteure im Bereich der Industrie- und Logistikl\u00f6sungen in Europa geworden ist.<\/p><p><strong>Unser Ziel<\/strong> ist es, unseren Kunden<strong> innovative und effiziente Dienstleistungen<\/strong> anzubieten, die ihnen helfen, ihre Prozesse zu optimieren und ihre Gesch\u00e4ftsziele zu erreichen.<\/p><p>Unser Unternehmen hat seinen Sitz in <strong>Tou\u017eim<\/strong>, wo wir <strong>alle wichtigen Produktionsanlagen<\/strong> haben. Dieser strategische Standort erm\u00f6glicht es uns, <strong>unsere Kunden in ganz Europa<\/strong> effizient zu bedienen.<\/p><p>Wir verf\u00fcgen \u00fcber moderne Einrichtungen, <strong>die fortschrittliche Technologien<\/strong> wie <strong>Rohr- und Flachlaser von Spitzenherstellern<\/strong>, <strong>CNC-Stanzen<\/strong> und zuverl\u00e4ssige Biege- und <strong>Fr\u00e4sdienste<\/strong> umfassen. Unsere <strong>hohen Kranhallen mit der F\u00e4higkeit, besonders schwere Lasten und andere Ausr\u00fcstungen zu handhaben,<\/strong> erm\u00f6glichen uns <strong>die Durchf\u00fchrung von Projekten<\/strong> unterschiedlicher Gr\u00f6\u00dfe und Komplexit\u00e4t.<\/p>\t\t\t\t\t\t\t\t<\/div>\n\t\t\t\t<\/div>\n\t\t\t\t<div class=\"elementor-element elementor-element-11194a7 elementor-widget__width-auto elementor-widget elementor-widget-react-button\" data-id=\"11194a7\" data-element_type=\"widget\" data-widget_type=\"react-button.default\">\n\t\t\t\t<div class=\"elementor-widget-container\">\n\t\t\t\t\t\t\n\t\t\n\t\t<div class=\"react-button primary_btn\">\n\t\t\t\t\t\t<a class=\"react_button\" href=\"\/reference\/\" >\t\t\t\t\n\t\t\t\n\t\t\t\t\n\t\t\t<span class=\"btn_text\">Na\u0161e reference<\/span>\n\t\t\t\t\t\t\t\t\t<i aria-hidden=\"true\" class=\"rt rt-arrow-right\"><\/i>\t\t\t\t\n\t\t\t\t\t\t\t<\/a>\n\t\t<\/div>    \n\t\t\t\t\t<\/div>\n\t\t\t\t<\/div>\n\t\t\t\t\t<\/div>\n\t\t<\/div>\n\t\t\t\t<div class=\"elementor-column elementor-col-50 elementor-top-column elementor-element elementor-element-9eae7a3\" data-id=\"9eae7a3\" data-element_type=\"column\">\n\t\t\t<div class=\"elementor-widget-wrap elementor-element-populated\">\n\t\t\t\t\t\t<div class=\"elementor-element elementor-element-a58dc0f elementor-widget elementor-widget-react-heading\" data-id=\"a58dc0f\" data-element_type=\"widget\" data-widget_type=\"react-heading.default\">\n\t\t\t\t<div class=\"elementor-widget-container\">\n\t\t\t\t\t\t  \n        <div class=\"react-heading default title-border-no\">\n             \t\t      \t\t\n\t            <h4 class=\"title\" data-aos-delay=\"300\" data-aos=\"fade-up\" data-aos-duration=\"800\" data-aos-once=\"true\">Dal\u0161\u00ed informace o n\u00e1s<\/h4>\t     \n\t\t\t\t        \n\t            \n        <\/div>\n        \t\t\t\t<\/div>\n\t\t\t\t<\/div>\n\t\t\t\t<div class=\"elementor-element elementor-element-ca1cf32 elementor-icon-list--layout-traditional elementor-list-item-link-full_width elementor-widget elementor-widget-icon-list\" data-id=\"ca1cf32\" data-element_type=\"widget\" data-widget_type=\"icon-list.default\">\n\t\t\t\t<div class=\"elementor-widget-container\">\n\t\t\t\t\t\t\t<ul class=\"elementor-icon-list-items\">\n\t\t\t\t\t\t\t<li class=\"elementor-icon-list-item\">\n\t\t\t\t\t\t\t\t\t\t\t<a href=\"https:\/\/oksts.cz\/de\/unternehmen\/ueber-uns\/\">\n\n\t\t\t\t\t\t\t\t\t\t\t\t<span class=\"elementor-icon-list-icon\">\n\t\t\t\t\t\t\t<i aria-hidden=\"true\" class=\"rt rt-arrow-right-long\"><\/i>\t\t\t\t\t\t<\/span>\n\t\t\t\t\t\t\t\t\t\t<span class=\"elementor-icon-list-text\">\u00dcber uns<\/span>\n\t\t\t\t\t\t\t\t\t\t\t<\/a>\n\t\t\t\t\t\t\t\t\t<\/li>\n\t\t\t\t\t\t<\/ul>\n\t\t\t\t\t\t<\/div>\n\t\t\t\t<\/div>\n\t\t\t\t<div class=\"elementor-element elementor-element-adf261f elementor-icon-list--layout-traditional elementor-list-item-link-full_width elementor-widget elementor-widget-icon-list\" data-id=\"adf261f\" data-element_type=\"widget\" data-widget_type=\"icon-list.default\">\n\t\t\t\t<div class=\"elementor-widget-container\">\n\t\t\t\t\t\t\t<ul class=\"elementor-icon-list-items\">\n\t\t\t\t\t\t\t<li class=\"elementor-icon-list-item\">\n\t\t\t\t\t\t\t\t\t\t\t<a href=\"https:\/\/oksts.cz\/de\/unternehmen\/geschichte\/\">\n\n\t\t\t\t\t\t\t\t\t\t\t\t<span class=\"elementor-icon-list-icon\">\n\t\t\t\t\t\t\t<i aria-hidden=\"true\" class=\"rt rt-arrow-right-long\"><\/i>\t\t\t\t\t\t<\/span>\n\t\t\t\t\t\t\t\t\t\t<span class=\"elementor-icon-list-text\">Unsere Geschichte<\/span>\n\t\t\t\t\t\t\t\t\t\t\t<\/a>\n\t\t\t\t\t\t\t\t\t<\/li>\n\t\t\t\t\t\t<\/ul>\n\t\t\t\t\t\t<\/div>\n\t\t\t\t<\/div>\n\t\t\t\t<div class=\"elementor-element elementor-element-a62a680 elementor-icon-list--layout-traditional elementor-list-item-link-full_width elementor-widget elementor-widget-icon-list\" data-id=\"a62a680\" data-element_type=\"widget\" data-widget_type=\"icon-list.default\">\n\t\t\t\t<div class=\"elementor-widget-container\">\n\t\t\t\t\t\t\t<ul class=\"elementor-icon-list-items\">\n\t\t\t\t\t\t\t<li class=\"elementor-icon-list-item\">\n\t\t\t\t\t\t\t\t\t\t\t<a href=\"https:\/\/oksts.cz\/de\/unternehmen\/unsere-philosophie\/\">\n\n\t\t\t\t\t\t\t\t\t\t\t\t<span class=\"elementor-icon-list-icon\">\n\t\t\t\t\t\t\t<i aria-hidden=\"true\" class=\"rt rt-arrow-right-long\"><\/i>\t\t\t\t\t\t<\/span>\n\t\t\t\t\t\t\t\t\t\t<span class=\"elementor-icon-list-text\">Unsere Philosophie<\/span>\n\t\t\t\t\t\t\t\t\t\t\t<\/a>\n\t\t\t\t\t\t\t\t\t<\/li>\n\t\t\t\t\t\t<\/ul>\n\t\t\t\t\t\t<\/div>\n\t\t\t\t<\/div>\n\t\t\t\t<div class=\"elementor-element elementor-element-17223c6 elementor-icon-list--layout-traditional elementor-list-item-link-full_width elementor-widget elementor-widget-icon-list\" data-id=\"17223c6\" data-element_type=\"widget\" data-widget_type=\"icon-list.default\">\n\t\t\t\t<div class=\"elementor-widget-container\">\n\t\t\t\t\t\t\t<ul class=\"elementor-icon-list-items\">\n\t\t\t\t\t\t\t<li class=\"elementor-icon-list-item\">\n\t\t\t\t\t\t\t\t\t\t\t<a href=\"https:\/\/oksts.cz\/de\/unternehmen\/zertifizierung-und-projekte\/\">\n\n\t\t\t\t\t\t\t\t\t\t\t\t<span class=\"elementor-icon-list-icon\">\n\t\t\t\t\t\t\t<i aria-hidden=\"true\" class=\"rt rt-arrow-right-long\"><\/i>\t\t\t\t\t\t<\/span>\n\t\t\t\t\t\t\t\t\t\t<span class=\"elementor-icon-list-text\">Zertifizierung und Projekte<\/span>\n\t\t\t\t\t\t\t\t\t\t\t<\/a>\n\t\t\t\t\t\t\t\t\t<\/li>\n\t\t\t\t\t\t<\/ul>\n\t\t\t\t\t\t<\/div>\n\t\t\t\t<\/div>\n\t\t\t\t<div class=\"elementor-element elementor-element-a3b0be8 elementor-widget elementor-widget-google_maps\" data-id=\"a3b0be8\" data-element_type=\"widget\" data-widget_type=\"google_maps.default\">\n\t\t\t\t<div class=\"elementor-widget-container\">\n\t\t\t\t\t\t\t<div class=\"elementor-custom-embed\">\n\t\t\t<iframe loading=\"lazy\"\n\t\t\t\t\tsrc=\"https:\/\/maps.google.com\/maps?q=OK%20STS%20Tou%C5%BEim%2C%20a.s.%20&#038;t=m&#038;z=10&#038;output=embed&#038;iwloc=near\"\n\t\t\t\t\ttitle=\"OK STS Tou\u017eim, a.s. \"\n\t\t\t\t\taria-label=\"OK STS Tou\u017eim, a.s. \"\n\t\t\t><\/iframe>\n\t\t<\/div>\n\t\t\t\t\t\t<\/div>\n\t\t\t\t<\/div>\n\t\t\t\t\t<\/div>\n\t\t<\/div>\n\t\t\t\t\t<\/div>\n\t\t<\/section>\n\t\t\t\t<\/div>\n\t\t","protected":false},"excerpt":{"rendered":"<p>Na\u0161e firma OK STS Tou\u017eim, a.s. OK STS Tou\u017eim, a.s. ist ein sich dynamisch entwickelndes Unternehmen, das seit seiner Gr\u00fcndung im Jahr 1994 schrittweise zu einem der f\u00fchrenden Akteure im Bereich der Industrie- und Logistikl\u00f6sungen in Europa geworden ist. Unser Ziel ist es, unseren Kunden innovative und effiziente Dienstleistungen anzubieten, die ihnen helfen, ihre Prozesse&#8230;<\/p>\n","protected":false},"author":1,"featured_media":0,"parent":0,"menu_order":0,"comment_status":"closed","ping_status":"closed","template":"","meta":{"footnotes":""},"class_list":["post-12443","page","type-page","status-publish","hentry"],"_links":{"self":[{"href":"https:\/\/oksts.cz\/de\/wp-json\/wp\/v2\/pages\/12443","targetHints":{"allow":["GET"]}}],"collection":[{"href":"https:\/\/oksts.cz\/de\/wp-json\/wp\/v2\/pages"}],"about":[{"href":"https:\/\/oksts.cz\/de\/wp-json\/wp\/v2\/types\/page"}],"author":[{"embeddable":true,"href":"https:\/\/oksts.cz\/de\/wp-json\/wp\/v2\/users\/1"}],"replies":[{"embeddable":true,"href":"https:\/\/oksts.cz\/de\/wp-json\/wp\/v2\/comments?post=12443"}],"version-history":[{"count":9,"href":"https:\/\/oksts.cz\/de\/wp-json\/wp\/v2\/pages\/12443\/revisions"}],"predecessor-version":[{"id":12507,"href":"https:\/\/oksts.cz\/de\/wp-json\/wp\/v2\/pages\/12443\/revisions\/12507"}],"wp:attachment":[{"href":"https:\/\/oksts.cz\/de\/wp-json\/wp\/v2\/media?parent=12443"}],"curies":[{"name":"wp","href":"https:\/\/api.w.org\/{rel}","templated":true}]}}