{"id":12394,"date":"2023-03-12T11:33:53","date_gmt":"2023-03-12T10:33:53","guid":{"rendered":"https:\/\/oksts.cz\/kontakt\/"},"modified":"2025-04-24T11:18:10","modified_gmt":"2025-04-24T09:18:10","slug":"kontakt","status":"publish","type":"page","link":"https:\/\/oksts.cz\/de\/kontakt\/","title":{"rendered":"Kontakt"},"content":{"rendered":"\t\t<div data-elementor-type=\"wp-page\" data-elementor-id=\"12394\" class=\"elementor elementor-12394 elementor-125\" data-elementor-post-type=\"page\">\n\t\t\t\t\t\t<section class=\"elementor-section elementor-top-section elementor-element elementor-element-7dbbef6d elementor-section-boxed elementor-section-height-default elementor-section-height-default\" data-id=\"7dbbef6d\" data-element_type=\"section\">\n\t\t\t\t\t\t<div class=\"elementor-container elementor-column-gap-extended\">\n\t\t\t\t\t<div class=\"elementor-column elementor-col-33 elementor-top-column elementor-element elementor-element-4f90e7d8\" data-id=\"4f90e7d8\" data-element_type=\"column\">\n\t\t\t<div class=\"elementor-widget-wrap elementor-element-populated\">\n\t\t\t\t\t\t<div class=\"elementor-element elementor-element-fc67974 elementor-widget elementor-widget-react-heading\" data-id=\"fc67974\" data-element_type=\"widget\" data-widget_type=\"react-heading.default\">\n\t\t\t\t<div class=\"elementor-widget-container\">\n\t\t\t\t\t\t  \n        <div class=\"react-heading default title-border-no\">\n             \t\t      \t\t\n\t            <span class=\"sub-text\" data-aos-delay=\"200\" data-aos=\"fade-up\" data-aos-duration=\"800\" data-aos-once=\"true\">Kontakt informationen<\/span><h2 class=\"title\" data-aos-delay=\"300\" data-aos=\"fade-up\" data-aos-duration=\"800\" data-aos-once=\"true\">Kontaktieren Sie uns<\/h2>\t     \n\t\t\t\t        \n\t            \n        <\/div>\n        \t\t\t\t<\/div>\n\t\t\t\t<\/div>\n\t\t\t\t<div class=\"elementor-element elementor-element-4368c37 elementor-widget elementor-widget-topbar-icon-list\" data-id=\"4368c37\" data-element_type=\"widget\" data-widget_type=\"topbar-icon-list.default\">\n\t\t\t\t<div class=\"elementor-widget-container\">\n\t\t\t\t\t \n\n        <div class=\"rt-features-list-content\">                \n            <ul class=\"rt-features-list separator_no border_no rotate_no\">\n                    <li>\n                                                    <div class=\"icon\"><i aria-hidden=\"true\" class=\"rt rt-phone-flip\"><\/i><\/div>                            \n                                                                        <div class=\"query-list\">\n                            <span class=\"sub-text\">Telefonnummer<\/span>\n                                                            <a href=\"tel:+420353312125\"><span class=\"text-heading\">+420 353 312 125<\/span><\/a>\n                                                        <\/div>                        \n                    <\/li>\n                \n            <\/ul>                          \n        <\/div>\n        \t\t\t\t<\/div>\n\t\t\t\t<\/div>\n\t\t\t\t<div class=\"elementor-element elementor-element-d854506 elementor-widget elementor-widget-topbar-icon-list\" data-id=\"d854506\" data-element_type=\"widget\" data-widget_type=\"topbar-icon-list.default\">\n\t\t\t\t<div class=\"elementor-widget-container\">\n\t\t\t\t\t \n\n        <div class=\"rt-features-list-content\">                \n            <ul class=\"rt-features-list separator_no border_no rotate_no\">\n                    <li>\n                                                    <div class=\"icon\"><i aria-hidden=\"true\" class=\"rt rt-envelope-open-text\"><\/i><\/div>                            \n                                                                        <div class=\"query-list\">\n                            <span class=\"sub-text\">E-Mail Adresse<\/span>\n                                                            <a href=\"mailto:oksts@oksts.cz \"><span class=\"text-heading\">oksts@oksts.cz <\/span><\/a>                            \n                                                    <\/div>                        \n                    <\/li>\n                \n            <\/ul>                          \n        <\/div>\n        \t\t\t\t<\/div>\n\t\t\t\t<\/div>\n\t\t\t\t\t<\/div>\n\t\t<\/div>\n\t\t\t\t<div class=\"elementor-column elementor-col-33 elementor-top-column elementor-element elementor-element-662e8069\" data-id=\"662e8069\" data-element_type=\"column\">\n\t\t\t<div class=\"elementor-widget-wrap elementor-element-populated\">\n\t\t\t\t\t\t<div class=\"elementor-element elementor-element-f449513 elementor-widget elementor-widget-topbar-icon-list\" data-id=\"f449513\" data-element_type=\"widget\" data-widget_type=\"topbar-icon-list.default\">\n\t\t\t\t<div class=\"elementor-widget-container\">\n\t\t\t\t\t \n\n        <div class=\"rt-features-list-content\">                \n            <ul class=\"rt-features-list separator_no border_no rotate_no\">\n                    <li>\n                                                    <div class=\"icon\"><i aria-hidden=\"true\" class=\"rt rt-map-location-dot\"><\/i><\/div>                            \n                                                                        <div class=\"query-list\">\n                            <span class=\"sub-text\">OK STS Tou\u017eim, a.s. <\/span>\n                                                            <span class=\"text-heading\">\u017dlutick\u00e1 430,  364 01 Tou\u017eim<\/span>\n                                                    <\/div>                        \n                    <\/li>\n                \n            <\/ul>                          \n        <\/div>\n        \t\t\t\t<\/div>\n\t\t\t\t<\/div>\n\t\t\t\t<div class=\"elementor-element elementor-element-68bebb7 elementor-widget elementor-widget-topbar-icon-list\" data-id=\"68bebb7\" data-element_type=\"widget\" data-widget_type=\"topbar-icon-list.default\">\n\t\t\t\t<div class=\"elementor-widget-container\">\n\t\t\t\t\t \n\n        <div class=\"rt-features-list-content\">                \n            <ul class=\"rt-features-list separator_no border_no rotate_no\">\n                    <li>\n                                                    <div class=\"icon\"><i aria-hidden=\"true\" class=\"rt rt-arrow-right\"><\/i><\/div>                            \n                                                                        <div class=\"query-list\">\n                            <span class=\"sub-text\">GPS Koordinaten<\/span>\n                                                            <span class=\"text-heading\">50\u00b03'43.27\"N; 12\u00b059'34.69\"E<\/span>\n                                                    <\/div>                        \n                    <\/li>\n                \n            <\/ul>                          \n        <\/div>\n        \t\t\t\t<\/div>\n\t\t\t\t<\/div>\n\t\t\t\t<div class=\"elementor-element elementor-element-936c1eb elementor-widget elementor-widget-topbar-icon-list\" data-id=\"936c1eb\" data-element_type=\"widget\" data-widget_type=\"topbar-icon-list.default\">\n\t\t\t\t<div class=\"elementor-widget-container\">\n\t\t\t\t\t \n\n        <div class=\"rt-features-list-content\">                \n            <ul class=\"rt-features-list separator_no border_no rotate_no\">\n                    <li>\n                                                    <div class=\"icon\"><i aria-hidden=\"true\" class=\"rt rt-envelope-open-text\"><\/i><\/div>                            \n                                                                        <div class=\"query-list\">\n                            <span class=\"sub-text\">I\u010cO &amp; DI\u010c<\/span>\n                                                            <span class=\"text-heading\">49790331 \/ CZ49790331<\/span>\n                                                    <\/div>                        \n                    <\/li>\n                \n            <\/ul>                          \n        <\/div>\n        \t\t\t\t<\/div>\n\t\t\t\t<\/div>\n\t\t\t\t\t<\/div>\n\t\t<\/div>\n\t\t\t\t<div class=\"elementor-column elementor-col-33 elementor-top-column elementor-element elementor-element-50d59dc4\" data-id=\"50d59dc4\" data-element_type=\"column\">\n\t\t\t<div class=\"elementor-widget-wrap elementor-element-populated\">\n\t\t\t\t\t\t<div class=\"elementor-element elementor-element-422c288 elementor-widget elementor-widget-google_maps\" data-id=\"422c288\" data-element_type=\"widget\" data-widget_type=\"google_maps.default\">\n\t\t\t\t<div class=\"elementor-widget-container\">\n\t\t\t\t\t\t\t<div class=\"elementor-custom-embed\">\n\t\t\t<iframe loading=\"lazy\"\n\t\t\t\t\tsrc=\"https:\/\/maps.google.com\/maps?q=OK%20STS%20Tou%C5%BEim%2C%20a.s.%20&#038;t=m&#038;z=10&#038;output=embed&#038;iwloc=near\"\n\t\t\t\t\ttitle=\"OK STS Tou\u017eim, a.s. \"\n\t\t\t\t\taria-label=\"OK STS Tou\u017eim, a.s. \"\n\t\t\t><\/iframe>\n\t\t<\/div>\n\t\t\t\t\t\t<\/div>\n\t\t\t\t<\/div>\n\t\t\t\t\t<\/div>\n\t\t<\/div>\n\t\t\t\t\t<\/div>\n\t\t<\/section>\n\t\t\t\t<\/div>\n\t\t","protected":false},"excerpt":{"rendered":"<p>Kontakt informationen Kontaktieren Sie uns Telefonnummer +420 353 312 125 E-Mail Adresse oksts@oksts.cz OK STS Tou\u017eim, a.s. \u017dlutick\u00e1 430, 364 01 Tou\u017eim GPS Koordinaten 50\u00b03&#8217;43.27&#8243;N; 12\u00b059&#8217;34.69&#8243;E I\u010cO &amp; DI\u010c 49790331 \/ CZ49790331<\/p>\n","protected":false},"author":1,"featured_media":0,"parent":0,"menu_order":0,"comment_status":"closed","ping_status":"closed","template":"","meta":{"footnotes":""},"class_list":["post-12394","page","type-page","status-publish","hentry"],"_links":{"self":[{"href":"https:\/\/oksts.cz\/de\/wp-json\/wp\/v2\/pages\/12394","targetHints":{"allow":["GET"]}}],"collection":[{"href":"https:\/\/oksts.cz\/de\/wp-json\/wp\/v2\/pages"}],"about":[{"href":"https:\/\/oksts.cz\/de\/wp-json\/wp\/v2\/types\/page"}],"author":[{"embeddable":true,"href":"https:\/\/oksts.cz\/de\/wp-json\/wp\/v2\/users\/1"}],"replies":[{"embeddable":true,"href":"https:\/\/oksts.cz\/de\/wp-json\/wp\/v2\/comments?post=12394"}],"version-history":[{"count":4,"href":"https:\/\/oksts.cz\/de\/wp-json\/wp\/v2\/pages\/12394\/revisions"}],"predecessor-version":[{"id":12399,"href":"https:\/\/oksts.cz\/de\/wp-json\/wp\/v2\/pages\/12394\/revisions\/12399"}],"wp:attachment":[{"href":"https:\/\/oksts.cz\/de\/wp-json\/wp\/v2\/media?parent=12394"}],"curies":[{"name":"wp","href":"https:\/\/api.w.org\/{rel}","templated":true}]}}