{"id":12373,"date":"2024-12-14T09:17:12","date_gmt":"2024-12-14T08:17:12","guid":{"rendered":"https:\/\/oksts.cz\/nachrichten\/"},"modified":"2025-04-24T10:54:34","modified_gmt":"2025-04-24T08:54:34","slug":"nachrichten","status":"publish","type":"page","link":"https:\/\/oksts.cz\/de\/nachrichten\/","title":{"rendered":"Nachrichten"},"content":{"rendered":"\t\t<div data-elementor-type=\"wp-page\" data-elementor-id=\"12373\" class=\"elementor elementor-12373 elementor-11906\" data-elementor-post-type=\"page\">\n\t\t\t\t\t\t<section class=\"elementor-section elementor-top-section elementor-element elementor-element-f819833 elementor-section-boxed elementor-section-height-default elementor-section-height-default\" data-id=\"f819833\" data-element_type=\"section\">\n\t\t\t\t\t\t<div class=\"elementor-container elementor-column-gap-default\">\n\t\t\t\t\t<div class=\"elementor-column elementor-col-100 elementor-top-column elementor-element elementor-element-9d931d1\" data-id=\"9d931d1\" data-element_type=\"column\">\n\t\t\t<div class=\"elementor-widget-wrap elementor-element-populated\">\n\t\t\t\t\t\t<div class=\"elementor-element elementor-element-76331ed elementor-widget elementor-widget-react-blog\" data-id=\"76331ed\" data-element_type=\"widget\" data-widget_type=\"react-blog.default\">\n\t\t\t\t<div class=\"elementor-widget-container\">\n\t\t\t\t\t\n\t\t<div class=\"reactheme-blog-grid2x reactheme-blog-grid blog--style5\">            \n\n            <div class=\"row blog-gird-item\">\n                \n\t\t\t \t                 \n                         \n                <\/div>   \n                               \n            \t    \n                              \n\t\t<\/div>\n\t   \t\t\t\t<\/div>\n\t\t\t\t<\/div>\n\t\t\t\t\t<\/div>\n\t\t<\/div>\n\t\t\t\t\t<\/div>\n\t\t<\/section>\n\t\t<div class=\"elementor-element elementor-element-47bbeca e-flex e-con-boxed e-con e-parent\" data-id=\"47bbeca\" data-element_type=\"container\">\n\t\t\t\t\t<div class=\"e-con-inner\">\n\t\t\t\t<div class=\"elementor-element elementor-element-d79b35b elementor-widget elementor-widget-text-editor\" data-id=\"d79b35b\" data-element_type=\"widget\" data-widget_type=\"text-editor.default\">\n\t\t\t\t<div class=\"elementor-widget-container\">\n\t\t\t\t\t\t\t\t\t<p>Willkommen in der Sektion <strong>News<\/strong>, wo wir Sie \u00fcber Neuigkeiten, Ereignisse und interessante Fakten \u00fcber unsere Gesellschaft <strong>OK STS Tou\u017eim, a.s. <\/strong>informieren werden.<\/p><p> Behalten Sie im Auge, was es bei uns Neues gibt, und halten Sie sich \u00fcber alle wichtigen \u00c4nderungen und Projekte auf dem Laufenden, die wir umsetzen.<\/p>\t\t\t\t\t\t\t\t<\/div>\n\t\t\t\t<\/div>\n\t\t\t\t<div class=\"elementor-element elementor-element-7b785b6 elementor-widget-divider--view-line elementor-widget elementor-widget-divider\" data-id=\"7b785b6\" data-element_type=\"widget\" data-widget_type=\"divider.default\">\n\t\t\t\t<div class=\"elementor-widget-container\">\n\t\t\t\t\t\t\t<div class=\"elementor-divider\">\n\t\t\t<span class=\"elementor-divider-separator\">\n\t\t\t\t\t\t<\/span>\n\t\t<\/div>\n\t\t\t\t\t\t<\/div>\n\t\t\t\t<\/div>\n\t\t\t\t<div class=\"elementor-element elementor-element-9361c93 elementor-widget elementor-widget-text-editor\" data-id=\"9361c93\" data-element_type=\"widget\" data-widget_type=\"text-editor.default\">\n\t\t\t\t<div class=\"elementor-widget-container\">\n\t\t\t\t\t\t\t\t\t<p>Wir freuen uns, Ihnen unsere <strong>neue Website<\/strong> vorstellen zu k\u00f6nnen!<\/p><p>Dank des modernen Designs und der \u00fcbersichtlichen Struktur <strong>finden Sie jetzt alle Informationen<\/strong> \u00fcber unsere Dienstleistungen, Projekte und Neuigkeiten noch einfacher. Erkunden Sie unser Angebot und z\u00f6gern Sie nicht, uns zu kontaktieren. <\/p><p>Wir freuen uns auf die Zusammenarbeit mit Ihnen!<\/p>\t\t\t\t\t\t\t\t<\/div>\n\t\t\t\t<\/div>\n\t\t\t\t\t<\/div>\n\t\t\t\t<\/div>\n\t\t\t\t<\/div>\n\t\t","protected":false},"excerpt":{"rendered":"<p>Willkommen in der Sektion News, wo wir Sie \u00fcber Neuigkeiten, Ereignisse und interessante Fakten \u00fcber unsere Gesellschaft OK STS Tou\u017eim, a.s. informieren werden. Behalten Sie im Auge, was es bei uns Neues gibt, und halten Sie sich \u00fcber alle wichtigen \u00c4nderungen und Projekte auf dem Laufenden, die wir umsetzen. Wir freuen uns, Ihnen unsere neue&#8230;<\/p>\n","protected":false},"author":1,"featured_media":0,"parent":0,"menu_order":0,"comment_status":"closed","ping_status":"closed","template":"","meta":{"footnotes":""},"class_list":["post-12373","page","type-page","status-publish","hentry"],"_links":{"self":[{"href":"https:\/\/oksts.cz\/de\/wp-json\/wp\/v2\/pages\/12373","targetHints":{"allow":["GET"]}}],"collection":[{"href":"https:\/\/oksts.cz\/de\/wp-json\/wp\/v2\/pages"}],"about":[{"href":"https:\/\/oksts.cz\/de\/wp-json\/wp\/v2\/types\/page"}],"author":[{"embeddable":true,"href":"https:\/\/oksts.cz\/de\/wp-json\/wp\/v2\/users\/1"}],"replies":[{"embeddable":true,"href":"https:\/\/oksts.cz\/de\/wp-json\/wp\/v2\/comments?post=12373"}],"version-history":[{"count":2,"href":"https:\/\/oksts.cz\/de\/wp-json\/wp\/v2\/pages\/12373\/revisions"}],"predecessor-version":[{"id":12376,"href":"https:\/\/oksts.cz\/de\/wp-json\/wp\/v2\/pages\/12373\/revisions\/12376"}],"wp:attachment":[{"href":"https:\/\/oksts.cz\/de\/wp-json\/wp\/v2\/media?parent=12373"}],"curies":[{"name":"wp","href":"https:\/\/api.w.org\/{rel}","templated":true}]}}